{"id":27011,"date":"2023-02-28T00:14:13","date_gmt":"2023-02-27T23:14:13","guid":{"rendered":"https:\/\/swiss-nutrition-academy.ch\/?page_id=27011"},"modified":"2026-02-19T12:06:12","modified_gmt":"2026-02-19T11:06:12","slug":"condiciones-generales-de-contratacion","status":"publish","type":"page","link":"https:\/\/swiss-nutrition-academy.ch\/es\/sobre-nosotros\/condiciones-generales-de-contratacion\/","title":{"rendered":"Condiciones Generales De Contrataci\u00f3n"},"content":{"rendered":"\n<p>Condiciones Generales de Contrataci\u00f3n, versi\u00f3n de enero de 2014 en espa\u00f1ol<\/p>\n\n\n\n<p><strong>1. \u00c1mbito de validez<\/strong><br>Las presentes Condiciones Generales de Contrataci\u00f3n son v\u00e1lidas para todos los cursos y seminarios de Swiss Education Company GmbH (en lo sucesivo, \u201cSwiss Beauty &#038; Hair Academy\u201d) frente a los participantes de sus cursos y seminarios (en lo sucesivo, los \u201cparticipantes de los cursos\u201d). Las modificaciones de estas condiciones de contrataci\u00f3n que realice Swiss Beauty &#038; Hair Academy se comunicar\u00e1n por escrito a los participantes de los cursos. Se consideran aceptadas si el participante del curso no oponga a ellas por escrito en un plazo de 4 semanas.<\/p>\n\n\n\n<p><strong>2. Inscripci\u00f3n<\/strong><br>La inscripci\u00f3n para un curso o un seminario debe realizarse por escrito con el formulario de inscripci\u00f3n previsto para tal fin. Die Anmeldung ist verbindlich. El participante del cuero recibe una confirmaci\u00f3n de inscripci\u00f3n siempre que Swiss Beauty &#038; Hair Academy no rechace la participaci\u00f3n.<\/p>\n\n\n\n<p><strong>3. Disposiciones financieras<\/strong><br>Se cobra una se\u00f1al (dep\u00f3sito) del 20% del importe del curso que deber\u00e1 abonarse en un plazo de 5 d\u00edas h\u00e1biles tras recibirse la conformaci\u00f3n de la inscripci\u00f3n o, en caso de una inscripci\u00f3n posterior, como muy tarde hasta el inicio de la formaci\u00f3n o la formaci\u00f3n continua..La plaza en el curso formativo no estar\u00e1 garantizada hasta que se reciba el pago correspondiente, si bien esto no eximir\u00e1 al participante del curso de su deber de pago.<\/p>\n\n\n\n<p>El resto del importe del curso se podr\u00e1 pagar en varias mensualidades entregando una fotocopia de un documento oficial de identidad. La cuota mensual debe abonarse como muy tarde el \u00faltimo d\u00eda h\u00e1bil del mes a partir del inicio de la formaci\u00f3n. Si se incumplen las fechas de pago se aplicar\u00e1 un inter\u00e9s por demora del 5%. En lo sucesivo, a partir de la segunda advertencia se facturar\u00e1 un importe por gastos de CHF 20. Si el pago de alguna mensualidad se retrasa m\u00e1s de 30 d\u00edas, se deber\u00e1 pagar de inmediato todo el importe debido junto con intereses y costes correspondientes.<br>En el importe del curso se incluyen los documentos te\u00f3ricos y el certificado o el diploma, as\u00ed como el I.V.A. No se incluyen en el curso o el seminario los materiales de ense\u00f1anza y los consumibles \/ herramientas profesionales personales, los cuales deben ser pagados por los participantes de los cursos. La repetici\u00f3n del examen final conlleva una contribuci\u00f3n a los gastos de 200 CHF.<br>Los pagos en ventanilla generan tasas que Swiss Beauty &#038; Hair Academy puede trasladar al participante del curso conforme al principio de causante. Por tanto, para evitar tasas innecesarias Swiss Beauty &#038; Hair Academy recomienda a los participantes en sus cursos liquidar la factura online o mediante orden de pago por escrito al banco o a correos.<br>Si se ampl\u00eda un curso, se calcular\u00e1 proporcionalmente el importe debido en relaci\u00f3n al importe total del curso.<\/p>\n\n\n\n<p><strong>4. Suspensi\u00f3n y aplazamiento por parte de Swiss Beauty &#038; Hair Academy<\/strong><br>Si el n\u00famero de participantes es demasiado reducido, Swiss Beauty &#038; Hair Academy se reserva e derecho de aplazar el curso o el seminario, agruparlo con otro curso o seminario o suspenderlo. Si dichas medidas no encajan dentro de los planes del participante del curso y no puede encontrarse una soluci\u00f3n, se rescindir\u00e1 inmediatamente el contrato antes del inicio del curso y se reembolsar\u00e1n los pagos ya realizados.<\/p>\n\n\n\n<p><strong>5. Cancelaci\u00f3n por parte de Swiss Beauty &#038; Hair Academy<\/strong><br>Swiss Beauty &#038; Hair Academy tiene derecho de cancelar en cualquier momento el contrato de formaci\u00f3n o formaci\u00f3n continua por motivos importantes. Existen motivos importantes especialmente cuando el participante se demora m\u00e1s de un mes con el pago del importe del curso. No obstante, ello no exime al participante del pago del importe pendiente del curso.<\/p>\n\n\n\n<p><strong>6. Cancelaci\u00f3n, aplazamiento o modificaci\u00f3n por parte del alumno<\/strong><br>El contrato de formaci\u00f3n o de perfeccionamiento podr\u00e1 ser rescindido o revocado en cualquier momento. No obstante, el alumno deber\u00e1 indemnizar a Swiss Beauty &#038; Hair Academy por los da\u00f1os ocasionados cuando la rescisi\u00f3n o revocaci\u00f3n del contrato se realice fuera del plazo establecido. De conformidad con lo establecido en las disposiciones citadas del presente contrato de formaci\u00f3n o de perfeccionamiento, la revocaci\u00f3n o rescisi\u00f3n se considerar\u00e1 fuera de plazo cuando se realice en mitad del semestre o justo antes del inicio de clases, es decir, hasta 4 semanas antes del inicio de los cursos de formaci\u00f3n o de perfeccionamiento, salvo cuando el alumno pueda demostrar que la Swiss Beauty &#038; Hair Academy le haya dado un motivo para ello. Se acuerda la siguiente cl\u00e1usula de penalizaci\u00f3n para los casos de rescisi\u00f3n o revocaci\u00f3n fuera de plazo: se deber\u00e1 abonar el 20 % del importe total del curso cuando la rescisi\u00f3n o revocaci\u00f3n se produzca 4 semanas antes del inicio del curso de formaci\u00f3n o de perfeccionamiento. Si, por el contrario, tiene lugar en un plazo inferior a 4 semanas previas al inicio del curso de formaci\u00f3n o de perfeccionamiento, se deber\u00e1 pagar el 100% del importe total del curso.<\/p>\n\n\n\n<p>En caso de aplazamientos hasta 4 semanas antes del inicio del curso de formaci\u00f3n o de perfeccionamiento planeado, se abonar\u00e1 puntualmente la cuota inicial en calidad de penalizaci\u00f3n del 20 %, que luego se tendr\u00e1 en cuenta para el curso de formaci\u00f3n y perfeccionamiento a realizar. Cuando el aplazamiento se comunique en las 4 semanas previas al comienzo del curso de formaci\u00f3n o de perfeccionamiento planeado, se pagar\u00e1 una indemnizaci\u00f3n en calidad de penalizaci\u00f3n del 20 %, que deber\u00e1 abonarse en un plazo de 10 d\u00edas. Adem\u00e1s, se pagar\u00e1 puntualmente la cuota inicial del 20% en calidad de penalizaci\u00f3n, que luego se tendr\u00e1 en cuenta para el curso de formaci\u00f3n o de perfeccionamiento a realizar. Los aplazamientos una vez comenzado el curso de formaci\u00f3n o de perfeccionamiento planeado no son posibles, en cualquier caso, se deber\u00e1 abonar el 100 % del importe total del curso.<br>Ser\u00e1 posible realizar un cambio de curso despu\u00e9s del inicio del curso de formaci\u00f3n o perfeccionamiento previsto \u00fanicamente si se trata del mismo curso y este ya se est\u00e1 impartiendo (por ejemplo, en otro d\u00eda de la semana). Por el cambio de curso se deber\u00e1 abonar una contribuci\u00f3n a los gastos de 200 CHF, que se deber\u00e1 pagar en 10 d\u00edas. El plazo para pagar el importe del curso no se ver\u00e1 afectado por el cambio.<\/p>\n\n\n\n<p>Si el curso consta de varios semestres, como en el caso del curso de peluquer\u00eda, ha de pagarse el importe del semestre y no todo el importe de la formaci\u00f3n\/formaci\u00f3n continua de todos los semestres.<\/p>\n\n\n\n<p>Las cancelaciones y los aplazamientos deben realizarse por escrito y por carta certificada.<\/p>\n\n\n\n<p><strong>7. Prolongaci\u00f3n del contrato para cursos o seminarios de varios semestres de duraci\u00f3n<\/strong><br>En caso de cursos o seminarios de varios semestres de duraci\u00f3n el contrato se prolongar\u00e1 de manera autom\u00e1tica y t\u00e1cita para el siguiente semestre, a menos que el participante del curso lo cancele por escrito, mediante carta certificada, como muy tarde un mes antes del inicio del nuevo semestre.<\/p>\n\n\n\n<p>Swiss Beauty &#038; Hair Academy garantiza para el semestre sucesivo las mismas condiciones, siempre que la formaci\u00f3n completa se realice sin interrupci\u00f3n.<\/p>\n\n\n\n<p><strong>8. Obligaciones de Swiss Education Company GmbH<\/strong><br>Swiss Beauty &#038; Hair Academy proporciona al participante en el curso los contenidos que se indican en la convocatoria del curso o del seminario. Las sesiones de formaci\u00f3n se realizan en las instalaciones de Swiss Beauty &#038; Hair Academy.<\/p>\n\n\n\n<p>Swiss Beauty &#038; Hair Academy se compromete a realizar el curso o el seminario de acuerdo con la convocatoria del curso o del seminario en Internet. Los horarios de los cursos pueden consultarse en las convocatorias de los cursos. Si se ausentase temporalmente un docente, Swiss Beauty &#038; Hair Academy har\u00e1 todo lo posible por encontrar a un sustituto. Si ello no fuese posible a corto plazo, las horas perdidas se recuperar\u00e1n en coordinaci\u00f3n con los participantes del curso.<\/p>\n\n\n\n<p>Swiss Beauty &#038; Hair Academy tiene en todo momento el derecho de modificar el contenido del curso o del seminario (p. ej., inclusi\u00f3n de nuevas t\u00e9cnicas a causa de unas distintas condiciones del mercado).<\/p>\n\n\n\n<p><strong>9. Obligaciones del participante del curso<\/strong><br>El participante del curso se compromete a presentarse y participar de manera puntual y regular en la formaci\u00f3n. Si el participante no asiste al curso durante m\u00e1s del 20% del tiempo, Swiss Beauty &#038; Hair Academy se reserva el derecho de no permitirle realizar el examen final.<\/p>\n\n\n\n<p>Las faltas por enfermedad, vacaciones o motivos laborales no eximen al participante del curso del cumplimiento del contrato. En estos casos, las partes har\u00e1n todo lo posible por encontrar una soluci\u00f3n conjunta.<\/p>\n\n\n\n<p>En la clase pr\u00e1ctica no puede llevarse puesta ropa de calle, deber\u00e1 utilizarse una vestimenta profesional adecuada (ropa de trabajo blanca o mandil blancos para escuela de peluquer\u00eda) conforme a las instrucciones de la direcci\u00f3n del centro de ense\u00f1anza. Para la ropa de calle, Swiss Beauty &#038; Hair Academy ofrece armarios adecuados.<\/p>\n\n\n\n<p>El participante del curso se compromete a tratar con cuidado los dispositivos, los aparatos y las salas, as\u00ed como a hacer un uso sensato, ahorrador, de los productos y los materiales que se ponen a su disposici\u00f3n. Los participantes del curso ser\u00e1n informados por la direcci\u00f3n del centro de ense\u00f1anza de c\u00f3mo deben tratar los materiales que se ponen a su disposici\u00f3n.<\/p>\n\n\n\n<p>El participante del curso concierta un seguro propio de accidentes y de responsabilidad civil. Swiss Beauty &#038; Hair Academy no se hace responsable de las p\u00e9rdidas y los robos en sus instalaciones ni de los dem\u00e1s da\u00f1os posibles de los participantes del curso. Los cambios de direcci\u00f3n deben comunicarse inmediatamente a Swiss Beauty &#038; Hair Academy. Se rechaza toda responsabilidad por la incapacidad de realizar entregas por correo o enviar comunicaciones a causa de una direcci\u00f3n err\u00f3nea o incorrecta.<\/p>\n\n\n\n<p>Los participantes del curso tambi\u00e9n siguen las instrucciones orales de los docentes y de la direcci\u00f3n del centro en el sentido de un correcto funcionamiento del centro de ense\u00f1anza. Despu\u00e9s de cada utilizaci\u00f3n de las salas, estas deber\u00e1n ordenarse y limpiarse con arreglo a las instrucciones del docente o de la direcci\u00f3n del centro.<\/p>\n\n\n\n<p><strong>10. Modelos<\/strong><br>El tratamiento de clientes modelo es obligatorio, dado que la parte pr\u00e1ctica constituye un componente integral de los cursos de formaci\u00f3n o perfeccionamiento. Adem\u00e1s, los participantes deber\u00e1n ser capaces de trabajar de forma diligente y precisa hasta la prueba pr\u00e1ctica final, para lo cual ser\u00e1 necesaria una participaci\u00f3n regular en los ejercicios pr\u00e1cticos.<\/p>\n\n\n\n<p>Swiss Beauty &#038; Hair Academy organiza normalmente los modelos. No obstante, el participante del curso tiene la posibilidad de traer a un modelo.<\/p>\n\n\n\n<p>La remuneraci\u00f3n por los servicios muy rebajados a los modelos corresponde a Swiss Beauty &#038; Hair Academy y sirve principalmente para cubrir los costes variables para anuncios, campa\u00f1as online, electricidad, consumo de productos de belleza, etc.<\/p>\n\n\n\n<p>Los precios para los servicios a modelos est\u00e1n publicados en el sitio de Internet de Swiss Beauty Studio (swiss-beauty-studio.ch) y se aplican para todos los clientes internos y externos. No obstante, no es necesaria una remuneraci\u00f3n cuando un participante del curso sirve como modelo en su propia clase.<\/p>\n\n\n\n<p><strong>11. D\u00edas festivos en el \u00e1mbito de la ense\u00f1anza<\/strong><br>No habr\u00e1 clase los d\u00edas festivos oficiales de la ciudad de Z\u00farich ni en S\u00e1bado Santo. Asimismo, las clases se suspender\u00e1n dos semanas durante las vacaciones de verano y de Navidad. Swiss Beauty &#038; Hair Academy publicar\u00e1 en su momento las fechas concretas de vacaciones en su p\u00e1gina web.<\/p>\n\n\n\n<p><strong>12. Legislaci\u00f3n aplicable y tribunal competente<\/strong><br>El tribunal competente y el lugar de cumplimiento son Z\u00farich. Se aplica la legislaci\u00f3n suiza. En caso de falta de claridad con las versiones en otros idiomas, ser\u00e1 v\u00e1lida la versi\u00f3n en alem\u00e1n. En el ap\u00e9ndice se encuentra la versi\u00f3n alemana de los formularios de inscripci\u00f3n \/ contratos en otros idiomas con las Condiciones Generales de Contrataci\u00f3n. Por lo dem\u00e1s, en el sitio web de Swiss Beauty &#038; Hair Academy pueden consultarse los formularios de inscripci\u00f3n \/ contratos con las Condiciones Generales de Contrataci\u00f3n en alem\u00e1n y en el idioma elegido del curso.<\/p>\n","protected":false},"excerpt":{"rendered":"<p>Condiciones Generales de Contrataci\u00f3n, versi\u00f3n de enero de 2014 en espa\u00f1ol 1. \u00c1mbito de validezLas presentes Condiciones Generales de Contrataci\u00f3n son v\u00e1lidas para todos los cursos y seminarios de Swiss Education Company GmbH (en lo sucesivo, \u201cSwiss Beauty &#038; Hair Academy\u201d) frente a los participantes de sus cursos y seminarios (en lo sucesivo, los \u201cparticipantes [&hellip;]<\/p>\n","protected":false},"author":15,"featured_media":0,"parent":9925,"menu_order":0,"comment_status":"closed","ping_status":"closed","template":"elementor_theme","meta":{"_seopress_robots_primary_cat":"","_seopress_titles_title":"","_seopress_titles_desc":"","_seopress_robots_index":"yes","site-sidebar-layout":"no-sidebar","site-content-layout":"page-builder","ast-site-content-layout":"default","site-content-style":"default","site-sidebar-style":"default","ast-global-header-display":"","ast-banner-title-visibility":"","ast-main-header-display":"","ast-hfb-above-header-display":"","ast-hfb-below-header-display":"","ast-hfb-mobile-header-display":"","site-post-title":"disabled","ast-breadcrumbs-content":"","ast-featured-img":"disabled","footer-sml-layout":"","ast-disable-related-posts":"","theme-transparent-header-meta":"","adv-header-id-meta":"","stick-header-meta":"","header-above-stick-meta":"","header-main-stick-meta":"","header-below-stick-meta":"","astra-migrate-meta-layouts":"default","ast-page-background-enabled":"default","ast-page-background-meta":{"desktop":{"background-color":"var(--ast-global-color-4)","background-image":"","background-repeat":"repeat","background-position":"center center","background-size":"auto","background-attachment":"scroll","background-type":"","background-media":"","overlay-type":"","overlay-color":"","overlay-opacity":"","overlay-gradient":""},"tablet":{"background-color":"","background-image":"","background-repeat":"repeat","background-position":"center center","background-size":"auto","background-attachment":"scroll","background-type":"","background-media":"","overlay-type":"","overlay-color":"","overlay-opacity":"","overlay-gradient":""},"mobile":{"background-color":"","background-image":"","background-repeat":"repeat","background-position":"center center","background-size":"auto","background-attachment":"scroll","background-type":"","background-media":"","overlay-type":"","overlay-color":"","overlay-opacity":"","overlay-gradient":""}},"ast-content-background-meta":{"desktop":{"background-color":"var(--ast-global-color-5)","background-image":"","background-repeat":"repeat","background-position":"center center","background-size":"auto","background-attachment":"scroll","background-type":"","background-media":"","overlay-type":"","overlay-color":"","overlay-opacity":"","overlay-gradient":""},"tablet":{"background-color":"var(--ast-global-color-5)","background-image":"","background-repeat":"repeat","background-position":"center center","background-size":"auto","background-attachment":"scroll","background-type":"","background-media":"","overlay-type":"","overlay-color":"","overlay-opacity":"","overlay-gradient":""},"mobile":{"background-color":"var(--ast-global-color-5)","background-image":"","background-repeat":"repeat","background-position":"center center","background-size":"auto","background-attachment":"scroll","background-type":"","background-media":"","overlay-type":"","overlay-color":"","overlay-opacity":"","overlay-gradient":""}},"footnotes":""},"class_list":["post-27011","page","type-page","status-publish","hentry"],"_links":{"self":[{"href":"https:\/\/swiss-nutrition-academy.ch\/es\/wp-json\/wp\/v2\/pages\/27011","targetHints":{"allow":["GET"]}}],"collection":[{"href":"https:\/\/swiss-nutrition-academy.ch\/es\/wp-json\/wp\/v2\/pages"}],"about":[{"href":"https:\/\/swiss-nutrition-academy.ch\/es\/wp-json\/wp\/v2\/types\/page"}],"author":[{"embeddable":true,"href":"https:\/\/swiss-nutrition-academy.ch\/es\/wp-json\/wp\/v2\/users\/15"}],"replies":[{"embeddable":true,"href":"https:\/\/swiss-nutrition-academy.ch\/es\/wp-json\/wp\/v2\/comments?post=27011"}],"version-history":[{"count":1,"href":"https:\/\/swiss-nutrition-academy.ch\/es\/wp-json\/wp\/v2\/pages\/27011\/revisions"}],"predecessor-version":[{"id":41831,"href":"https:\/\/swiss-nutrition-academy.ch\/es\/wp-json\/wp\/v2\/pages\/27011\/revisions\/41831"}],"up":[{"embeddable":true,"href":"https:\/\/swiss-nutrition-academy.ch\/es\/wp-json\/wp\/v2\/pages\/9925"}],"wp:attachment":[{"href":"https:\/\/swiss-nutrition-academy.ch\/es\/wp-json\/wp\/v2\/media?parent=27011"}],"curies":[{"name":"wp","href":"https:\/\/api.w.org\/{rel}","templated":true}]}}