{"id":34785,"date":"2025-01-31T10:00:04","date_gmt":"2025-01-31T09:00:04","guid":{"rendered":"https:\/\/swiss-nutrition-academy.ch\/?page_id=34785"},"modified":"2026-02-19T12:07:05","modified_gmt":"2026-02-19T11:07:05","slug":"suscripcion-en-pdf-agradecimientos","status":"publish","type":"page","link":"https:\/\/swiss-nutrition-academy.ch\/es\/suscribirse-en-pdf\/suscripcion-en-pdf-agradecimientos\/","title":{"rendered":"Suscripci\u00f3n en PDF Agradecimientos"},"content":{"rendered":"<div class=\"pdfprnt-buttons pdfprnt-buttons-page pdfprnt-top-right\"><a href=\"javascript: imageToPdf(34785)\" class=\"pdfprnt-button pdfprnt-button-pdf\" target=\"_self\" ><img decoding=\"async\" src=\"https:\/\/swiss-nutrition-academy.ch\/wp-content\/plugins\/pdf-print\/images\/pdf.png\" alt=\"image_pdf\" title=\"Ver PDF\" \/><\/a><a href=\"https:\/\/swiss-nutrition-academy.ch\/es\/wp-json\/wp\/v2\/pages\/34785?print=print\" class=\"pdfprnt-button pdfprnt-button-print\" target=\"_blank\" ><img decoding=\"async\" src=\"https:\/\/swiss-nutrition-academy.ch\/wp-content\/plugins\/pdf-print\/images\/print.png\" alt=\"image_print\" title=\"Imprimir contenido\" \/><\/a><\/div>\t\t<div data-elementor-type=\"wp-page\" data-elementor-id=\"34785\" class=\"elementor elementor-34785\" data-elementor-post-type=\"page\">\n\t\t\t\t<div class=\"elementor-element elementor-element-f5ec3d6 e-flex e-con-boxed e-con e-parent\" data-id=\"f5ec3d6\" data-element_type=\"container\" data-e-type=\"container\" data-settings=\"{&quot;ekit_has_onepagescroll_dot&quot;:&quot;yes&quot;}\">\n\t\t\t\t\t<div class=\"e-con-inner\">\n\t\t\t\t<div class=\"elementor-element elementor-element-8a6da0f exad-sticky-section-no exad-glass-effect-no elementor-widget elementor-widget-heading\" data-id=\"8a6da0f\" data-element_type=\"widget\" data-e-type=\"widget\" data-settings=\"{&quot;ekit_we_effect_on&quot;:&quot;none&quot;}\" data-widget_type=\"heading.default\">\n\t\t\t\t<div class=\"elementor-widget-container\">\n\t\t\t\t\t<h4 class=\"elementor-heading-title elementor-size-default\">Descargue su formulario completado aqu\u00ed.<\/h4>\t\t\t\t<\/div>\n\t\t\t\t<\/div>\n\t\t<div class=\"elementor-element elementor-element-36faa89 e-con-full e-flex e-con e-child\" data-id=\"36faa89\" data-element_type=\"container\" data-e-type=\"container\" data-settings=\"{&quot;ekit_has_onepagescroll_dot&quot;:&quot;yes&quot;}\">\n\t\t<div class=\"elementor-element elementor-element-4b8ab1e e-flex e-con-boxed e-con e-child\" data-id=\"4b8ab1e\" data-element_type=\"container\" data-e-type=\"container\" data-settings=\"{&quot;background_background&quot;:&quot;classic&quot;,&quot;ekit_has_onepagescroll_dot&quot;:&quot;yes&quot;}\">\n\t\t\t\t\t<div class=\"e-con-inner\">\n\t\t\t\t<div class=\"elementor-element elementor-element-dd62a94 exad-sticky-section-no exad-glass-effect-no elementor-widget elementor-widget-image\" data-id=\"dd62a94\" data-element_type=\"widget\" data-e-type=\"widget\" data-settings=\"{&quot;ekit_we_effect_on&quot;:&quot;none&quot;}\" data-widget_type=\"image.default\">\n\t\t\t\t<div class=\"elementor-widget-container\">\n\t\t\t\t\t\t\t\t\t\t\t\t\t\t\t<img fetchpriority=\"high\" decoding=\"async\" width=\"700\" height=\"500\" src=\"https:\/\/swiss-nutrition-academy.ch\/wp-content\/uploads\/2025\/01\/PDFdownload-1-1.png\" class=\"attachment-full size-full wp-image-34793\" alt=\"\" srcset=\"https:\/\/swiss-nutrition-academy.ch\/wp-content\/uploads\/2025\/01\/PDFdownload-1-1.png 700w, https:\/\/swiss-nutrition-academy.ch\/wp-content\/uploads\/2025\/01\/PDFdownload-1-1-300x214.png 300w, https:\/\/swiss-nutrition-academy.ch\/wp-content\/uploads\/2025\/01\/PDFdownload-1-1-500x357.png 500w\" sizes=\"(max-width: 700px) 100vw, 700px\" \/>\t\t\t\t\t\t\t\t\t\t\t\t\t\t\t<\/div>\n\t\t\t\t<\/div>\n\t\t\t\t<div class=\"elementor-element elementor-element-f48b94c exad-sticky-section-no exad-glass-effect-no elementor-widget elementor-widget-shortcode\" data-id=\"f48b94c\" data-element_type=\"widget\" data-e-type=\"widget\" data-settings=\"{&quot;ekit_we_effect_on&quot;:&quot;none&quot;}\" data-widget_type=\"shortcode.default\">\n\t\t\t\t<div class=\"elementor-widget-container\">\n\t\t\t\t\t\t\t<div class=\"elementor-shortcode\"><\/div>\n\t\t\t\t\t\t<\/div>\n\t\t\t\t<\/div>\n\t\t\t\t\t<\/div>\n\t\t\t\t<\/div>\n\t\t\t\t<\/div>\n\t\t\t\t<div class=\"elementor-element elementor-element-b64dc13 exad-sticky-section-no exad-glass-effect-no elementor-widget elementor-widget-text-editor\" data-id=\"b64dc13\" data-element_type=\"widget\" data-e-type=\"widget\" data-settings=\"{&quot;ekit_we_effect_on&quot;:&quot;none&quot;}\" data-widget_type=\"text-editor.default\">\n\t\t\t\t<div class=\"elementor-widget-container\">\n\t\t\t\t\t\t\t\t\t<p><b>Por favor, descargue su formulario completado (documento PDF arriba), impr\u00edmalo, <span style=\"text-decoration: underline;\">firme la secci\u00f3n de Firmas y Reconocimientos<\/span>, y env\u00edenoslo por correo postal o por correo electr\u00f3nico como un escaneo a las siguientes direcciones:<\/b><\/p>\t\t\t\t\t\t\t\t<\/div>\n\t\t\t\t<\/div>\n\t\t\t\t<div class=\"elementor-element elementor-element-02954e8 exad-sticky-section-no exad-glass-effect-no elementor-widget elementor-widget-text-editor\" data-id=\"02954e8\" data-element_type=\"widget\" data-e-type=\"widget\" data-settings=\"{&quot;ekit_we_effect_on&quot;:&quot;none&quot;}\" data-widget_type=\"text-editor.default\">\n\t\t\t\t<div class=\"elementor-widget-container\">\n\t\t\t\t\t\t\t\t\t<p><span data-teams=\"true\"><strong>Swiss Education Company<\/strong><br \/><strong>c\/o Swiss Beauty &amp; Hair Academy<\/strong><br \/><strong>D\u00fcbendorfstasse 2<\/strong><br \/><strong>CH-8051 Z\u00fcrich<\/strong><\/span><\/p><p><strong>Email:<\/strong><br \/><strong><a href=\"mailto:info@secompany.ch\">info@secompany.ch\u00a0<\/a><\/strong><\/p>\t\t\t\t\t\t\t\t<\/div>\n\t\t\t\t<\/div>\n\t\t<div class=\"elementor-element elementor-element-f28f5a8 e-con-full e-flex e-con e-child\" data-id=\"f28f5a8\" data-element_type=\"container\" data-e-type=\"container\" data-settings=\"{&quot;ekit_has_onepagescroll_dot&quot;:&quot;yes&quot;}\">\n\t\t\t\t<div class=\"elementor-element elementor-element-408dbd6 exad-sticky-section-no exad-glass-effect-no elementor-widget elementor-widget-heading\" data-id=\"408dbd6\" data-element_type=\"widget\" data-e-type=\"widget\" data-settings=\"{&quot;ekit_we_effect_on&quot;:&quot;none&quot;}\" data-widget_type=\"heading.default\">\n\t\t\t\t<div class=\"elementor-widget-container\">\n\t\t\t\t\t<p class=\"elementor-heading-title elementor-size-default\">La versi\u00f3n original en alem\u00e1n de los T\u00e9rminos y Condiciones se puede descargar aqu\u00ed.<\/p>\t\t\t\t<\/div>\n\t\t\t\t<\/div>\n\t\t<div class=\"elementor-element elementor-element-8465a86 e-con-full e-flex e-con e-child\" data-id=\"8465a86\" data-element_type=\"container\" data-e-type=\"container\" data-settings=\"{&quot;ekit_has_onepagescroll_dot&quot;:&quot;yes&quot;}\">\n\t\t<div class=\"elementor-element elementor-element-106cd3a e-con-full e-flex e-con e-child\" data-id=\"106cd3a\" data-element_type=\"container\" data-e-type=\"container\" data-settings=\"{&quot;ekit_has_onepagescroll_dot&quot;:&quot;yes&quot;}\">\n\t\t\t\t<div class=\"elementor-element elementor-element-d451e88 exad-sticky-section-no exad-glass-effect-no elementor-widget elementor-widget-image\" data-id=\"d451e88\" data-element_type=\"widget\" data-e-type=\"widget\" data-settings=\"{&quot;ekit_we_effect_on&quot;:&quot;none&quot;}\" data-widget_type=\"image.default\">\n\t\t\t\t<div class=\"elementor-widget-container\">\n\t\t\t\t\t\t\t\t\t\t\t\t\t\t\t<img fetchpriority=\"high\" decoding=\"async\" width=\"700\" height=\"500\" src=\"https:\/\/swiss-nutrition-academy.ch\/wp-content\/uploads\/2025\/01\/PDFdownload-1-1.png\" class=\"attachment-full size-full wp-image-34793\" alt=\"\" srcset=\"https:\/\/swiss-nutrition-academy.ch\/wp-content\/uploads\/2025\/01\/PDFdownload-1-1.png 700w, https:\/\/swiss-nutrition-academy.ch\/wp-content\/uploads\/2025\/01\/PDFdownload-1-1-300x214.png 300w, https:\/\/swiss-nutrition-academy.ch\/wp-content\/uploads\/2025\/01\/PDFdownload-1-1-500x357.png 500w\" sizes=\"(max-width: 700px) 100vw, 700px\" \/>\t\t\t\t\t\t\t\t\t\t\t\t\t\t\t<\/div>\n\t\t\t\t<\/div>\n\t\t\t\t<div class=\"elementor-element elementor-element-5729d92 bmg-pdf-link exad-sticky-section-no exad-glass-effect-no elementor-widget elementor-widget-html\" data-id=\"5729d92\" data-element_type=\"widget\" data-e-type=\"widget\" data-settings=\"{&quot;ekit_we_effect_on&quot;:&quot;none&quot;}\" data-widget_type=\"html.default\">\n\t\t\t\t<div class=\"elementor-widget-container\">\n\t\t\t\t\t<a href=\"https:\/\/swiss-beauty-and-hair-academy.ch\/wp-content\/uploads\/2025\/01\/Allgemeine-Geschaftsbedingungen-AGB.pdf\">Allgemeine Gesch\u00e4ftsbedingungen (AGB)<\/a>\t\t\t\t<\/div>\n\t\t\t\t<\/div>\n\t\t\t\t<\/div>\n\t\t\t\t<\/div>\n\t\t\t\t<\/div>\n\t\t\t\t<div class=\"elementor-element elementor-element-4b19d19 exad-sticky-section-no exad-glass-effect-no elementor-widget elementor-widget-text-editor\" data-id=\"4b19d19\" data-element_type=\"widget\" data-e-type=\"widget\" data-settings=\"{&quot;ekit_we_effect_on&quot;:&quot;none&quot;}\" data-widget_type=\"text-editor.default\">\n\t\t\t\t<div class=\"elementor-widget-container\">\n\t\t\t\t\t\t\t\t\t<h5>\u00a1S\u00edguenos en las redes sociales!<\/h5><p>Como fan de nuestra escuela especializada certificada, te mantendremos informado regularmente sobre nuevos cursos, productos, servicios y promociones. Puedes seguirnos en YouTube, Facebook, Instagram, Tiktok, Twitter, Linkedin y Xing. Haz clic en uno de los iconos en la esquina superior derecha del encabezado.<\/p>\t\t\t\t\t\t\t\t<\/div>\n\t\t\t\t<\/div>\n\t\t\t\t\t<\/div>\n\t\t\t\t<\/div>\n\t\t\t\t<\/div>\n\t\t","protected":false},"excerpt":{"rendered":"<p>Descargue su formulario completado aqu\u00ed. Por favor, descargue su formulario completado (documento PDF arriba), impr\u00edmalo, firme la secci\u00f3n de Firmas y Reconocimientos, y env\u00edenoslo por correo postal o por correo electr\u00f3nico como un escaneo a las siguientes direcciones: Swiss Education Companyc\/o Swiss Beauty &amp; Hair AcademyD\u00fcbendorfstasse 2CH-8051 Z\u00fcrich Email:info@secompany.ch\u00a0 La versi\u00f3n original en alem\u00e1n de [&hellip;]<\/p>\n","protected":false},"author":15,"featured_media":0,"parent":34775,"menu_order":0,"comment_status":"closed","ping_status":"closed","template":"elementor_header_footer","meta":{"_seopress_robots_primary_cat":"","_seopress_titles_title":"","_seopress_titles_desc":"","_seopress_robots_index":"yes","site-sidebar-layout":"no-sidebar","site-content-layout":"page-builder","ast-site-content-layout":"full-width-container","site-content-style":"default","site-sidebar-style":"default","ast-global-header-display":"","ast-banner-title-visibility":"","ast-main-header-display":"","ast-hfb-above-header-display":"","ast-hfb-below-header-display":"","ast-hfb-mobile-header-display":"","site-post-title":"disabled","ast-breadcrumbs-content":"","ast-featured-img":"disabled","footer-sml-layout":"","ast-disable-related-posts":"","theme-transparent-header-meta":"default","adv-header-id-meta":"","stick-header-meta":"","header-above-stick-meta":"","header-main-stick-meta":"","header-below-stick-meta":"","astra-migrate-meta-layouts":"set","ast-page-background-enabled":"default","ast-page-background-meta":{"desktop":{"background-color":"var(--ast-global-color-4)","background-image":"","background-repeat":"repeat","background-position":"center center","background-size":"auto","background-attachment":"scroll","background-type":"","background-media":"","overlay-type":"","overlay-color":"","overlay-opacity":"","overlay-gradient":""},"tablet":{"background-color":"","background-image":"","background-repeat":"repeat","background-position":"center center","background-size":"auto","background-attachment":"scroll","background-type":"","background-media":"","overlay-type":"","overlay-color":"","overlay-opacity":"","overlay-gradient":""},"mobile":{"background-color":"","background-image":"","background-repeat":"repeat","background-position":"center center","background-size":"auto","background-attachment":"scroll","background-type":"","background-media":"","overlay-type":"","overlay-color":"","overlay-opacity":"","overlay-gradient":""}},"ast-content-background-meta":{"desktop":{"background-color":"var(--ast-global-color-5)","background-image":"","background-repeat":"repeat","background-position":"center center","background-size":"auto","background-attachment":"scroll","background-type":"","background-media":"","overlay-type":"","overlay-color":"","overlay-opacity":"","overlay-gradient":""},"tablet":{"background-color":"var(--ast-global-color-5)","background-image":"","background-repeat":"repeat","background-position":"center center","background-size":"auto","background-attachment":"scroll","background-type":"","background-media":"","overlay-type":"","overlay-color":"","overlay-opacity":"","overlay-gradient":""},"mobile":{"background-color":"var(--ast-global-color-5)","background-image":"","background-repeat":"repeat","background-position":"center center","background-size":"auto","background-attachment":"scroll","background-type":"","background-media":"","overlay-type":"","overlay-color":"","overlay-opacity":"","overlay-gradient":""}},"footnotes":""},"class_list":["post-34785","page","type-page","status-publish","hentry"],"_links":{"self":[{"href":"https:\/\/swiss-nutrition-academy.ch\/es\/wp-json\/wp\/v2\/pages\/34785","targetHints":{"allow":["GET"]}}],"collection":[{"href":"https:\/\/swiss-nutrition-academy.ch\/es\/wp-json\/wp\/v2\/pages"}],"about":[{"href":"https:\/\/swiss-nutrition-academy.ch\/es\/wp-json\/wp\/v2\/types\/page"}],"author":[{"embeddable":true,"href":"https:\/\/swiss-nutrition-academy.ch\/es\/wp-json\/wp\/v2\/users\/15"}],"replies":[{"embeddable":true,"href":"https:\/\/swiss-nutrition-academy.ch\/es\/wp-json\/wp\/v2\/comments?post=34785"}],"version-history":[{"count":1,"href":"https:\/\/swiss-nutrition-academy.ch\/es\/wp-json\/wp\/v2\/pages\/34785\/revisions"}],"predecessor-version":[{"id":41834,"href":"https:\/\/swiss-nutrition-academy.ch\/es\/wp-json\/wp\/v2\/pages\/34785\/revisions\/41834"}],"up":[{"embeddable":true,"href":"https:\/\/swiss-nutrition-academy.ch\/es\/wp-json\/wp\/v2\/pages\/34775"}],"wp:attachment":[{"href":"https:\/\/swiss-nutrition-academy.ch\/es\/wp-json\/wp\/v2\/media?parent=34785"}],"curies":[{"name":"wp","href":"https:\/\/api.w.org\/{rel}","templated":true}]}}