{"id":34767,"date":"2025-01-31T09:48:35","date_gmt":"2025-01-31T08:48:35","guid":{"rendered":"https:\/\/swiss-nutrition-academy.ch\/?page_id=34767"},"modified":"2025-02-05T12:32:14","modified_gmt":"2025-02-05T11:32:14","slug":"assinatura-pdf-obrigado","status":"publish","type":"page","link":"https:\/\/swiss-nutrition-academy.ch\/pt\/assine-por-pdf\/assinatura-pdf-obrigado\/","title":{"rendered":"Assinatura PDF Obrigado"},"content":{"rendered":"\t\t<div data-elementor-type=\"wp-page\" data-elementor-id=\"34767\" class=\"elementor elementor-34767\" data-elementor-post-type=\"page\">\n\t\t\t\t<div class=\"elementor-element elementor-element-e360298 e-flex e-con-boxed e-con e-parent\" data-id=\"e360298\" data-element_type=\"container\" data-e-type=\"container\" data-settings=\"{&quot;ekit_has_onepagescroll_dot&quot;:&quot;yes&quot;}\">\n\t\t\t\t\t<div class=\"e-con-inner\">\n\t\t\t\t<div class=\"elementor-element elementor-element-380dab1 exad-sticky-section-no exad-glass-effect-no elementor-widget elementor-widget-heading\" data-id=\"380dab1\" data-element_type=\"widget\" data-e-type=\"widget\" data-settings=\"{&quot;ekit_we_effect_on&quot;:&quot;none&quot;}\" data-widget_type=\"heading.default\">\n\t\t\t\t<div class=\"elementor-widget-container\">\n\t\t\t\t\t<h4 class=\"elementor-heading-title elementor-size-default\">Descarregue o seu formul\u00e1rio preenchido aqui.\n<\/h4>\t\t\t\t<\/div>\n\t\t\t\t<\/div>\n\t\t<div class=\"elementor-element elementor-element-dc8ebc0 e-con-full e-flex e-con e-child\" data-id=\"dc8ebc0\" data-element_type=\"container\" data-e-type=\"container\" data-settings=\"{&quot;ekit_has_onepagescroll_dot&quot;:&quot;yes&quot;}\">\n\t\t<div class=\"elementor-element elementor-element-5b60a57 e-flex e-con-boxed e-con e-child\" data-id=\"5b60a57\" data-element_type=\"container\" data-e-type=\"container\" data-settings=\"{&quot;background_background&quot;:&quot;classic&quot;,&quot;ekit_has_onepagescroll_dot&quot;:&quot;yes&quot;}\">\n\t\t\t\t\t<div class=\"e-con-inner\">\n\t\t\t\t<div class=\"elementor-element elementor-element-3a13f97 exad-sticky-section-no exad-glass-effect-no elementor-widget elementor-widget-image\" data-id=\"3a13f97\" data-element_type=\"widget\" data-e-type=\"widget\" data-settings=\"{&quot;ekit_we_effect_on&quot;:&quot;none&quot;}\" data-widget_type=\"image.default\">\n\t\t\t\t<div class=\"elementor-widget-container\">\n\t\t\t\t\t\t\t\t\t\t\t\t\t\t\t<img fetchpriority=\"high\" decoding=\"async\" width=\"700\" height=\"500\" src=\"https:\/\/swiss-nutrition-academy.ch\/wp-content\/uploads\/2025\/01\/PDFdownload-1.png\" class=\"attachment-full size-full wp-image-34746\" alt=\"\" srcset=\"https:\/\/swiss-nutrition-academy.ch\/wp-content\/uploads\/2025\/01\/PDFdownload-1.png 700w, https:\/\/swiss-nutrition-academy.ch\/wp-content\/uploads\/2025\/01\/PDFdownload-1-300x214.png 300w, https:\/\/swiss-nutrition-academy.ch\/wp-content\/uploads\/2025\/01\/PDFdownload-1-500x357.png 500w\" sizes=\"(max-width: 700px) 100vw, 700px\" \/>\t\t\t\t\t\t\t\t\t\t\t\t\t\t\t<\/div>\n\t\t\t\t<\/div>\n\t\t\t\t<div class=\"elementor-element elementor-element-31599ca exad-sticky-section-no exad-glass-effect-no elementor-widget elementor-widget-shortcode\" data-id=\"31599ca\" data-element_type=\"widget\" data-e-type=\"widget\" data-settings=\"{&quot;ekit_we_effect_on&quot;:&quot;none&quot;}\" data-widget_type=\"shortcode.default\">\n\t\t\t\t<div class=\"elementor-widget-container\">\n\t\t\t\t\t\t\t<div class=\"elementor-shortcode\"><\/div>\n\t\t\t\t\t\t<\/div>\n\t\t\t\t<\/div>\n\t\t\t\t\t<\/div>\n\t\t\t\t<\/div>\n\t\t\t\t<\/div>\n\t\t\t\t<div class=\"elementor-element elementor-element-5d9e1ca exad-sticky-section-no exad-glass-effect-no elementor-widget elementor-widget-text-editor\" data-id=\"5d9e1ca\" data-element_type=\"widget\" data-e-type=\"widget\" data-settings=\"{&quot;ekit_we_effect_on&quot;:&quot;none&quot;}\" data-widget_type=\"text-editor.default\">\n\t\t\t\t<div class=\"elementor-widget-container\">\n\t\t\t\t\t\t\t\t\t<b>Descarregue o formul\u00e1rio preenchido (documento PDF acima), imprima-o,\n<span style=\"text-decoration: underline;\">subscreva a sec\u00e7\u00e3o Assinaturas e Agradecimentos\n<\/span>, e envie-nos por correio ou e-mail como digitaliza\u00e7\u00e3o para os seguintes endere\u00e7os:\n<\/b>\t\t\t\t\t\t\t\t<\/div>\n\t\t\t\t<\/div>\n\t\t\t\t<div class=\"elementor-element elementor-element-d494677 exad-sticky-section-no exad-glass-effect-no elementor-widget elementor-widget-text-editor\" data-id=\"d494677\" data-element_type=\"widget\" data-e-type=\"widget\" data-settings=\"{&quot;ekit_we_effect_on&quot;:&quot;none&quot;}\" data-widget_type=\"text-editor.default\">\n\t\t\t\t<div class=\"elementor-widget-container\">\n\t\t\t\t\t\t\t\t\t<p><span data-teams=\"true\"><strong>Swiss Education Company<\/strong><br \/><strong>c\/o Swiss Beauty &amp; Hair Academy<\/strong><br \/><strong>D\u00fcbendorfstasse 2<\/strong><br \/><strong>CH-8051 Z\u00fcrich<\/strong><\/span><\/p><p><strong>Email:<\/strong><br \/><strong><a href=\"mailto:info@secompany.ch\">info@secompany.ch\u00a0<\/a><\/strong><\/p>\t\t\t\t\t\t\t\t<\/div>\n\t\t\t\t<\/div>\n\t\t<div class=\"elementor-element elementor-element-0567051 e-con-full e-flex e-con e-child\" data-id=\"0567051\" data-element_type=\"container\" data-e-type=\"container\" data-settings=\"{&quot;ekit_has_onepagescroll_dot&quot;:&quot;yes&quot;}\">\n\t\t\t\t<div class=\"elementor-element elementor-element-6201256 exad-sticky-section-no exad-glass-effect-no elementor-widget elementor-widget-heading\" data-id=\"6201256\" data-element_type=\"widget\" data-e-type=\"widget\" data-settings=\"{&quot;ekit_we_effect_on&quot;:&quot;none&quot;}\" data-widget_type=\"heading.default\">\n\t\t\t\t<div class=\"elementor-widget-container\">\n\t\t\t\t\t<p class=\"elementor-heading-title elementor-size-default\">A vers\u00e3o original em alem\u00e3o dos Termos e Condi\u00e7\u00f5es pode ser descarregada aqui.\n<\/p>\t\t\t\t<\/div>\n\t\t\t\t<\/div>\n\t\t<div class=\"elementor-element elementor-element-8ce7d7d e-con-full e-flex e-con e-child\" data-id=\"8ce7d7d\" data-element_type=\"container\" data-e-type=\"container\" data-settings=\"{&quot;ekit_has_onepagescroll_dot&quot;:&quot;yes&quot;}\">\n\t\t<div class=\"elementor-element elementor-element-8a3a2cc e-con-full e-flex e-con e-child\" data-id=\"8a3a2cc\" data-element_type=\"container\" data-e-type=\"container\" data-settings=\"{&quot;ekit_has_onepagescroll_dot&quot;:&quot;yes&quot;}\">\n\t\t\t\t<div class=\"elementor-element elementor-element-2f65845 exad-sticky-section-no exad-glass-effect-no elementor-widget elementor-widget-image\" data-id=\"2f65845\" data-element_type=\"widget\" data-e-type=\"widget\" data-settings=\"{&quot;ekit_we_effect_on&quot;:&quot;none&quot;}\" data-widget_type=\"image.default\">\n\t\t\t\t<div class=\"elementor-widget-container\">\n\t\t\t\t\t\t\t\t\t\t\t\t\t\t\t<img fetchpriority=\"high\" decoding=\"async\" width=\"700\" height=\"500\" src=\"https:\/\/swiss-nutrition-academy.ch\/wp-content\/uploads\/2025\/01\/PDFdownload-1.png\" class=\"attachment-full size-full wp-image-34746\" alt=\"\" srcset=\"https:\/\/swiss-nutrition-academy.ch\/wp-content\/uploads\/2025\/01\/PDFdownload-1.png 700w, https:\/\/swiss-nutrition-academy.ch\/wp-content\/uploads\/2025\/01\/PDFdownload-1-300x214.png 300w, https:\/\/swiss-nutrition-academy.ch\/wp-content\/uploads\/2025\/01\/PDFdownload-1-500x357.png 500w\" sizes=\"(max-width: 700px) 100vw, 700px\" \/>\t\t\t\t\t\t\t\t\t\t\t\t\t\t\t<\/div>\n\t\t\t\t<\/div>\n\t\t\t\t<div class=\"elementor-element elementor-element-b6ea102 bmg-pdf-link exad-sticky-section-no exad-glass-effect-no elementor-widget elementor-widget-html\" data-id=\"b6ea102\" data-element_type=\"widget\" data-e-type=\"widget\" data-settings=\"{&quot;ekit_we_effect_on&quot;:&quot;none&quot;}\" data-widget_type=\"html.default\">\n\t\t\t\t<div class=\"elementor-widget-container\">\n\t\t\t\t\t<a href=\"https:\/\/swiss-beauty-and-hair-academy.ch\/wp-content\/uploads\/2025\/01\/Allgemeine-Geschaftsbedingungen-AGB.pdf\">Allgemeine Gesch\u00e4ftsbedingungen (AGB)<\/a>\t\t\t\t<\/div>\n\t\t\t\t<\/div>\n\t\t\t\t<\/div>\n\t\t\t\t<\/div>\n\t\t\t\t<\/div>\n\t\t\t\t<div class=\"elementor-element elementor-element-117c2b1 exad-sticky-section-no exad-glass-effect-no elementor-widget elementor-widget-text-editor\" data-id=\"117c2b1\" data-element_type=\"widget\" data-e-type=\"widget\" data-settings=\"{&quot;ekit_we_effect_on&quot;:&quot;none&quot;}\" data-widget_type=\"text-editor.default\">\n\t\t\t\t<div class=\"elementor-widget-container\">\n\t\t\t\t\t\t\t\t\t<h5>Siga-nos nas redes sociais!<\/h5>\nComo adepto da nossa escola especializada certificada, ser\u00e1 regularmente informado sobre novos cursos, produtos, servi\u00e7os e promo\u00e7\u00f5es. Pode seguir-nos no YouTube, Facebook, Instagram, Tiktok, Twitter, Linkedin e Xing. Clique num dos \u00edcones no canto superior direito do cabe\u00e7alho.\n\t\t\t\t\t\t\t\t<\/div>\n\t\t\t\t<\/div>\n\t\t\t\t\t<\/div>\n\t\t\t\t<\/div>\n\t\t\t\t<\/div>\n\t\t","protected":false},"excerpt":{"rendered":"<p>Descarregue o seu formul\u00e1rio preenchido aqui. Descarregue o formul\u00e1rio preenchido (documento PDF acima), imprima-o, subscreva a sec\u00e7\u00e3o Assinaturas e Agradecimentos , e envie-nos por correio ou e-mail como digitaliza\u00e7\u00e3o para os seguintes endere\u00e7os: Swiss Education Companyc\/o Swiss Beauty &amp; Hair AcademyD\u00fcbendorfstasse 2CH-8051 Z\u00fcrich Email:info@secompany.ch\u00a0 A vers\u00e3o original em alem\u00e3o dos Termos e Condi\u00e7\u00f5es pode ser [&hellip;]<\/p>\n","protected":false},"author":15,"featured_media":0,"parent":34763,"menu_order":0,"comment_status":"closed","ping_status":"closed","template":"elementor_header_footer","meta":{"_seopress_robots_primary_cat":"","_seopress_titles_title":"","_seopress_titles_desc":"","_seopress_robots_index":"","site-sidebar-layout":"no-sidebar","site-content-layout":"page-builder","ast-site-content-layout":"full-width-container","site-content-style":"default","site-sidebar-style":"default","ast-global-header-display":"","ast-banner-title-visibility":"","ast-main-header-display":"","ast-hfb-above-header-display":"","ast-hfb-below-header-display":"","ast-hfb-mobile-header-display":"","site-post-title":"disabled","ast-breadcrumbs-content":"","ast-featured-img":"disabled","footer-sml-layout":"","ast-disable-related-posts":"","theme-transparent-header-meta":"default","adv-header-id-meta":"","stick-header-meta":"","header-above-stick-meta":"","header-main-stick-meta":"","header-below-stick-meta":"","astra-migrate-meta-layouts":"set","ast-page-background-enabled":"default","ast-page-background-meta":{"desktop":{"background-color":"var(--ast-global-color-4)","background-image":"","background-repeat":"repeat","background-position":"center center","background-size":"auto","background-attachment":"scroll","background-type":"","background-media":"","overlay-type":"","overlay-color":"","overlay-opacity":"","overlay-gradient":""},"tablet":{"background-color":"","background-image":"","background-repeat":"repeat","background-position":"center center","background-size":"auto","background-attachment":"scroll","background-type":"","background-media":"","overlay-type":"","overlay-color":"","overlay-opacity":"","overlay-gradient":""},"mobile":{"background-color":"","background-image":"","background-repeat":"repeat","background-position":"center center","background-size":"auto","background-attachment":"scroll","background-type":"","background-media":"","overlay-type":"","overlay-color":"","overlay-opacity":"","overlay-gradient":""}},"ast-content-background-meta":{"desktop":{"background-color":"var(--ast-global-color-5)","background-image":"","background-repeat":"repeat","background-position":"center center","background-size":"auto","background-attachment":"scroll","background-type":"","background-media":"","overlay-type":"","overlay-color":"","overlay-opacity":"","overlay-gradient":""},"tablet":{"background-color":"var(--ast-global-color-5)","background-image":"","background-repeat":"repeat","background-position":"center center","background-size":"auto","background-attachment":"scroll","background-type":"","background-media":"","overlay-type":"","overlay-color":"","overlay-opacity":"","overlay-gradient":""},"mobile":{"background-color":"var(--ast-global-color-5)","background-image":"","background-repeat":"repeat","background-position":"center center","background-size":"auto","background-attachment":"scroll","background-type":"","background-media":"","overlay-type":"","overlay-color":"","overlay-opacity":"","overlay-gradient":""}},"footnotes":""},"class_list":["post-34767","page","type-page","status-publish","hentry"],"_links":{"self":[{"href":"https:\/\/swiss-nutrition-academy.ch\/pt\/wp-json\/wp\/v2\/pages\/34767","targetHints":{"allow":["GET"]}}],"collection":[{"href":"https:\/\/swiss-nutrition-academy.ch\/pt\/wp-json\/wp\/v2\/pages"}],"about":[{"href":"https:\/\/swiss-nutrition-academy.ch\/pt\/wp-json\/wp\/v2\/types\/page"}],"author":[{"embeddable":true,"href":"https:\/\/swiss-nutrition-academy.ch\/pt\/wp-json\/wp\/v2\/users\/15"}],"replies":[{"embeddable":true,"href":"https:\/\/swiss-nutrition-academy.ch\/pt\/wp-json\/wp\/v2\/comments?post=34767"}],"version-history":[{"count":0,"href":"https:\/\/swiss-nutrition-academy.ch\/pt\/wp-json\/wp\/v2\/pages\/34767\/revisions"}],"up":[{"embeddable":true,"href":"https:\/\/swiss-nutrition-academy.ch\/pt\/wp-json\/wp\/v2\/pages\/34763"}],"wp:attachment":[{"href":"https:\/\/swiss-nutrition-academy.ch\/pt\/wp-json\/wp\/v2\/media?parent=34767"}],"curies":[{"name":"wp","href":"https:\/\/api.w.org\/{rel}","templated":true}]}}